{"id":1565,"date":"2025-11-27T02:02:01","date_gmt":"2025-11-27T02:02:01","guid":{"rendered":"https:\/\/tricycletest.ca\/?page_id=1565"},"modified":"2025-11-27T02:03:05","modified_gmt":"2025-11-27T02:03:05","slug":"industrie","status":"publish","type":"page","link":"http:\/\/trusting-black-crow.198-46-83-203.cpanel.site\/fr\/industrie\/","title":{"rendered":"Industrie"},"content":{"rendered":"","protected":false},"excerpt":{"rendered":"","protected":false},"author":3,"featured_media":0,"parent":0,"menu_order":0,"comment_status":"closed","ping_status":"closed","template":"","meta":{"footnotes":""},"class_list":["post-1565","page","type-page","status-publish","hentry"],"yoast_head":"<!-- This site is optimized with the Yoast SEO plugin v26.8 - https:\/\/yoast.com\/product\/yoast-seo-wordpress\/ -->\n<title>Industrie - Motsai<\/title>\n<meta name=\"robots\" content=\"noindex, nofollow\" \/>\n<meta property=\"og:locale\" content=\"fr_FR\" \/>\n<meta property=\"og:type\" content=\"article\" \/>\n<meta property=\"og:title\" content=\"Industrie - Motsai\" \/>\n<meta property=\"og:url\" content=\"http:\/\/trusting-black-crow.198-46-83-203.cpanel.site\/fr\/industrie\/\" \/>\n<meta property=\"og:site_name\" content=\"Motsai\" \/>\n<meta property=\"article:modified_time\" content=\"2025-11-27T02:03:05+00:00\" \/>\n<meta name=\"twitter:card\" content=\"summary_large_image\" \/>\n<!-- \/ Yoast SEO plugin. -->","yoast_head_json":{"title":"Industrie - Motsai","robots":{"index":"noindex","follow":"nofollow"},"og_locale":"fr_FR","og_type":"article","og_title":"Industrie - Motsai","og_url":"http:\/\/trusting-black-crow.198-46-83-203.cpanel.site\/fr\/industrie\/","og_site_name":"Motsai","article_modified_time":"2025-11-27T02:03:05+00:00","twitter_card":"summary_large_image","schema":{"@context":"https:\/\/schema.org","@graph":[{"@type":"WebPage","@id":"http:\/\/trusting-black-crow.198-46-83-203.cpanel.site\/fr\/industrie\/","url":"http:\/\/trusting-black-crow.198-46-83-203.cpanel.site\/fr\/industrie\/","name":"Industrie - Motsai","isPartOf":{"@id":"https:\/\/trusting-black-crow.198-46-83-203.cpanel.site\/fr\/#website"},"datePublished":"2025-11-27T02:02:01+00:00","dateModified":"2025-11-27T02:03:05+00:00","breadcrumb":{"@id":"http:\/\/trusting-black-crow.198-46-83-203.cpanel.site\/fr\/industrie\/#breadcrumb"},"inLanguage":"fr-FR","potentialAction":[{"@type":"ReadAction","target":["http:\/\/trusting-black-crow.198-46-83-203.cpanel.site\/fr\/industrie\/"]}]},{"@type":"BreadcrumbList","@id":"http:\/\/trusting-black-crow.198-46-83-203.cpanel.site\/fr\/industrie\/#breadcrumb","itemListElement":[{"@type":"ListItem","position":1,"name":"Accueil","item":"http:\/\/trusting-black-crow.198-46-83-203.cpanel.site\/fr\/"},{"@type":"ListItem","position":2,"name":"Industrie"}]},{"@type":"WebSite","@id":"https:\/\/trusting-black-crow.198-46-83-203.cpanel.site\/fr\/#website","url":"https:\/\/trusting-black-crow.198-46-83-203.cpanel.site\/fr\/","name":"Motsai","description":"\u00c0 vos c\u00f4t\u00e9s, du d\u00e9but \u00e0 la fin","publisher":{"@id":"https:\/\/trusting-black-crow.198-46-83-203.cpanel.site\/fr\/#organization"},"potentialAction":[{"@type":"SearchAction","target":{"@type":"EntryPoint","urlTemplate":"https:\/\/trusting-black-crow.198-46-83-203.cpanel.site\/fr\/?s={search_term_string}"},"query-input":{"@type":"PropertyValueSpecification","valueRequired":true,"valueName":"search_term_string"}}],"inLanguage":"fr-FR"},{"@type":"Organization","@id":"https:\/\/trusting-black-crow.198-46-83-203.cpanel.site\/fr\/#organization","name":"Motsai","url":"https:\/\/trusting-black-crow.198-46-83-203.cpanel.site\/fr\/","logo":{"@type":"ImageObject","inLanguage":"fr-FR","@id":"https:\/\/trusting-black-crow.198-46-83-203.cpanel.site\/fr\/#\/schema\/logo\/image\/","url":"http:\/\/trusting-black-crow.198-46-83-203.cpanel.site\/wp-content\/uploads\/2025\/11\/Motsai_LOGO_.svg","contentUrl":"http:\/\/trusting-black-crow.198-46-83-203.cpanel.site\/wp-content\/uploads\/2025\/11\/Motsai_LOGO_.svg","caption":"Motsai"},"image":{"@id":"https:\/\/trusting-black-crow.198-46-83-203.cpanel.site\/fr\/#\/schema\/logo\/image\/"}}]}},"_links":{"self":[{"href":"http:\/\/trusting-black-crow.198-46-83-203.cpanel.site\/fr\/wp-json\/wp\/v2\/pages\/1565","targetHints":{"allow":["GET"]}}],"collection":[{"href":"http:\/\/trusting-black-crow.198-46-83-203.cpanel.site\/fr\/wp-json\/wp\/v2\/pages"}],"about":[{"href":"http:\/\/trusting-black-crow.198-46-83-203.cpanel.site\/fr\/wp-json\/wp\/v2\/types\/page"}],"author":[{"embeddable":true,"href":"http:\/\/trusting-black-crow.198-46-83-203.cpanel.site\/fr\/wp-json\/wp\/v2\/users\/3"}],"replies":[{"embeddable":true,"href":"http:\/\/trusting-black-crow.198-46-83-203.cpanel.site\/fr\/wp-json\/wp\/v2\/comments?post=1565"}],"version-history":[{"count":0,"href":"http:\/\/trusting-black-crow.198-46-83-203.cpanel.site\/fr\/wp-json\/wp\/v2\/pages\/1565\/revisions"}],"wp:attachment":[{"href":"http:\/\/trusting-black-crow.198-46-83-203.cpanel.site\/fr\/wp-json\/wp\/v2\/media?parent=1565"}],"curies":[{"name":"wp","href":"https:\/\/api.w.org\/{rel}","templated":true}]}}